{"id":3762,"date":"2024-10-30T11:14:34","date_gmt":"2024-10-30T11:14:34","guid":{"rendered":"https:\/\/estorilracinglab.lojas-online.pt\/site\/?page_id=3762"},"modified":"2024-11-21T11:37:29","modified_gmt":"2024-11-21T11:37:29","slug":"giftcards","status":"publish","type":"page","link":"https:\/\/www.estorilracinglab.com\/en\/giftcards\/","title":{"rendered":"Gift Cards"},"content":{"rendered":"<div data-elementor-type=\"wp-page\" data-elementor-id=\"3762\" class=\"elementor elementor-3762\" data-elementor-post-type=\"page\">\n\t\t\t\t\t\t<section class=\"elementor-section elementor-top-section elementor-element elementor-element-b76bc49 elementor-section-content-top animated-slow elementor-section-stretched elementor-section-boxed elementor-section-height-default elementor-section-height-default elementor-invisible\" data-id=\"b76bc49\" data-element_type=\"section\" data-e-type=\"section\" data-settings=\"{&quot;background_background&quot;:&quot;classic&quot;,&quot;animation&quot;:&quot;fadeIn&quot;,&quot;stretch_section&quot;:&quot;section-stretched&quot;}\">\n\t\t\t\t\t\t\t<div class=\"elementor-background-overlay\"><\/div>\n\t\t\t\t\t\t\t<div class=\"elementor-container elementor-column-gap-no\">\n\t\t\t\t\t<div class=\"elementor-column elementor-col-100 elementor-top-column elementor-element elementor-element-27b46f0\" data-id=\"27b46f0\" data-element_type=\"column\" data-e-type=\"column\">\n\t\t\t<div class=\"elementor-widget-wrap elementor-element-populated\">\n\t\t\t\t\t\t<div class=\"elementor-element elementor-element-8db14e3 elementor-invisible elementor-widget elementor-widget-heading\" data-id=\"8db14e3\" data-element_type=\"widget\" data-e-type=\"widget\" data-settings=\"{&quot;_animation&quot;:&quot;fadeIn&quot;}\" data-widget_type=\"heading.default\">\n\t\t\t\t<div class=\"elementor-widget-container\">\n\t\t\t\t\t<h1 class=\"elementor-heading-title elementor-size-default\">GIFT CARDS<\/h1>\t\t\t\t<\/div>\n\t\t\t\t<\/div>\n\t\t\t\t\t<\/div>\n\t\t<\/div>\n\t\t\t\t\t<\/div>\n\t\t<\/section>\n\t\t\t\t<section class=\"elementor-section elementor-top-section elementor-element elementor-element-fd81fb2 elementor-section-boxed elementor-section-height-default elementor-section-height-default elementor-invisible\" data-id=\"fd81fb2\" data-element_type=\"section\" data-e-type=\"section\" data-settings=\"{&quot;animation&quot;:&quot;fadeIn&quot;}\">\n\t\t\t\t\t\t<div class=\"elementor-container elementor-column-gap-extended\">\n\t\t\t\t\t<div class=\"elementor-column elementor-col-100 elementor-top-column elementor-element elementor-element-aab1dcc\" data-id=\"aab1dcc\" data-element_type=\"column\" data-e-type=\"column\">\n\t\t\t<div class=\"elementor-widget-wrap elementor-element-populated\">\n\t\t\t\t\t\t<div class=\"elementor-element elementor-element-e8af6a6 elementor-widget elementor-widget-html\" data-id=\"e8af6a6\" data-element_type=\"widget\" data-e-type=\"widget\" data-widget_type=\"html.default\">\n\t\t\t\t<div class=\"elementor-widget-container\">\n\t\t\t\t\t<! -- Booking widget -->\n\n\t<script src=\"\/\/widget.simplybook.it\/v2\/widget\/widget.js\" type=\"text\/javascript\"><\/script>\n<script type=\"text\/javascript\">\n    var widget = new SimplybookWidget({\"widget_type\":\"iframe\",\"url\":\"https:\\\/\\\/estorilracinglab.simplybook.it\",\"theme\":\"default\",\"theme_settings\":{\"timeline_hide_unavailable\":\"0\",\"hide_past_days\":\"0\",\"timeline_show_end_time\":\"0\",\"timeline_modern_display\":\"as_slots\",\"sb_base_color\":\"#8d733b\",\"display_item_mode\":\"block\",\"booking_nav_bg_color\":\"#8d733b\",\"body_bg_color\":\"#f2f2f2\",\"sb_review_image\":\"10\",\"sb_review_image_preview\":\"\\\/uploads\\\/estorilracinglab\\\/image_files\\\/preview\\\/3d01c37af325795cb2efc3e819e7abfa.png\",\"dark_font_color\":\"#474747\",\"light_font_color\":\"#f5fcff\",\"btn_color_1\":\"#8d733b\",\"sb_company_label_color\":\"#8d733b\",\"hide_img_mode\":\"0\",\"show_sidebar\":\"1\",\"sb_busy\":\"#c7b3b3\",\"sb_available\":\"#d6ebff\"},\"timeline\":null,\"datepicker\":null,\"is_rtl\":false,\"app_config\":{\"clear_session\":0,\"allow_switch_to_ada\":0,\"predefined\":[]},\"navigate\":\"gift-card\"});\n<\/script>\t\t\t\t<\/div>\n\t\t\t\t<\/div>\n\t\t\t\t<div class=\"elementor-element elementor-element-30b251e elementor-widget elementor-widget-html\" data-id=\"30b251e\" data-element_type=\"widget\" data-e-type=\"widget\" data-widget_type=\"html.default\">\n\t\t\t\t<div class=\"elementor-widget-container\">\n\t\t\t\t\t<! -- Book now button widget -->\n\n<script src=\"\/\/widget.simplybook.it\/v2\/widget\/widget.js\" type=\"text\/javascript\"><\/script>\n<script type=\"text\/javascript\">\n var widget = new SimplybookWidget({\"widget_type\":\"button\",\"url\":\"https:\\\/\\\/estorilracinglab.simplybook.it\",\"theme\":\"default\",\"theme_settings\":{\"timeline_hide_unavailable\":\"1\",\"hide_past_days\":\"0\",\"timeline_show_end_time\":\"0\",\"timeline_modern_display\":\"as_slots\",\"sb_base_color\":\"#8d733b\",\"display_item_mode\":\"block\",\"booking_nav_bg_color\":\"#8d733b\",\"body_bg_color\":\"#f2f2f2\",\"sb_review_image\":\"17\",\"sb_review_image_preview\":\"\\\/uploads\\\/estorilracinglab\\\/image_files\\\/preview\\\/0f196a4795e0ea0b65d1fb509f03ecbf.png\",\"dark_font_color\":\"#474747\",\"light_font_color\":\"#f5fcff\",\"btn_color_1\":\"#8d733b\",\"sb_company_label_color\":\"#552f34\",\"hide_img_mode\":\"0\",\"show_sidebar\":\"1\",\"sb_busy\":\"#c7b3b3\",\"sb_available\":\"#d6ebff\"},\"timeline\":\"modern\",\"datepicker\":\"top_calendar\",\"is_rtl\":false,\"app_config\":{\"clear_session\":0,\"allow_switch_to_ada\":0,\"predefined\":[]},\"button_title\":\"Book now\",\"button_background_color\":\"#8d733b\",\"button_text_color\":\"#ffffff\",\"button_position\":\"right\",\"button_position_offset\":\"20%\"});\n<\/script>\t\t\t\t<\/div>\n\t\t\t\t<\/div>\n\t\t\t\t\t<\/div>\n\t\t<\/div>\n\t\t\t\t\t<\/div>\n\t\t<\/section>\n\t\t\t\t<\/div>","protected":false},"excerpt":{"rendered":"<p>GIFT CARDS<\/p>","protected":false},"author":1,"featured_media":0,"parent":0,"menu_order":0,"comment_status":"closed","ping_status":"closed","template":"elementor_header_footer","meta":{"footnotes":""},"class_list":["post-3762","page","type-page","status-publish","hentry"],"yoast_head":"<!-- This site is optimized with the Yoast SEO plugin v26.3 - https:\/\/yoast.com\/wordpress\/plugins\/seo\/ -->\n<title>Cart\u00f5es Oferta | Ofere\u00e7a Experi\u00eancias de Sim Racing e Motorsport<\/title>\n<meta name=\"description\" content=\"Surpreenda com um gift card da Estoril Racing Lab! Ofere\u00e7a experi\u00eancias \u00fanicas de sim racing, coaching profissional e dias de pista exclusivos. O presente perfeito para entusiastas de motorsport, perto do Aut\u00f3dromo do Estoril.\" \/>\n<meta name=\"robots\" content=\"index, follow, max-snippet:-1, max-image-preview:large, max-video-preview:-1\" \/>\n<link rel=\"canonical\" href=\"https:\/\/estorilracinglab.lojas-online.pt\/giftcards\/\" \/>\n<meta property=\"og:locale\" content=\"en_GB\" \/>\n<meta property=\"og:type\" content=\"article\" \/>\n<meta property=\"og:title\" content=\"Cart\u00f5es Oferta | Ofere\u00e7a Experi\u00eancias de Sim Racing e Motorsport\" \/>\n<meta property=\"og:description\" content=\"Surpreenda com um gift card da Estoril Racing Lab! Ofere\u00e7a experi\u00eancias \u00fanicas de sim racing, coaching profissional e dias de pista exclusivos. O presente perfeito para entusiastas de motorsport, perto do Aut\u00f3dromo do Estoril.\" \/>\n<meta property=\"og:url\" content=\"https:\/\/estorilracinglab.lojas-online.pt\/giftcards\/\" \/>\n<meta property=\"og:site_name\" content=\"Estoril RacingLab\" \/>\n<meta property=\"article:publisher\" content=\"https:\/\/www.facebook.com\/EstorilRacingLab\" \/>\n<meta property=\"article:modified_time\" content=\"2024-11-21T11:37:29+00:00\" \/>\n<meta name=\"twitter:card\" content=\"summary_large_image\" \/>\n<meta name=\"twitter:label1\" content=\"Estimated reading time\" \/>\n\t<meta name=\"twitter:data1\" content=\"1 minute\" \/>\n<script type=\"application\/ld+json\" class=\"yoast-schema-graph\">{\"@context\":\"https:\/\/schema.org\",\"@graph\":[{\"@type\":\"WebPage\",\"@id\":\"https:\/\/estorilracinglab.lojas-online.pt\/giftcards\/\",\"url\":\"https:\/\/estorilracinglab.lojas-online.pt\/giftcards\/\",\"name\":\"Cart\u00f5es Oferta | Ofere\u00e7a Experi\u00eancias de Sim Racing e Motorsport\",\"isPartOf\":{\"@id\":\"https:\/\/estorilracinglab.lojas-online.pt\/#website\"},\"datePublished\":\"2024-10-30T11:14:34+00:00\",\"dateModified\":\"2024-11-21T11:37:29+00:00\",\"description\":\"Surpreenda com um gift card da Estoril Racing Lab! Ofere\u00e7a experi\u00eancias \u00fanicas de sim racing, coaching profissional e dias de pista exclusivos. O presente perfeito para entusiastas de motorsport, perto do Aut\u00f3dromo do Estoril.\",\"breadcrumb\":{\"@id\":\"https:\/\/estorilracinglab.lojas-online.pt\/giftcards\/#breadcrumb\"},\"inLanguage\":\"en-GB\",\"potentialAction\":[{\"@type\":\"ReadAction\",\"target\":[\"https:\/\/estorilracinglab.lojas-online.pt\/giftcards\/\"]}]},{\"@type\":\"BreadcrumbList\",\"@id\":\"https:\/\/estorilracinglab.lojas-online.pt\/giftcards\/#breadcrumb\",\"itemListElement\":[{\"@type\":\"ListItem\",\"position\":1,\"name\":\"Home\",\"item\":\"https:\/\/estorilracinglab.lojas-online.pt\/\"},{\"@type\":\"ListItem\",\"position\":2,\"name\":\"Gift Cards\"}]},{\"@type\":\"WebSite\",\"@id\":\"https:\/\/estorilracinglab.lojas-online.pt\/#website\",\"url\":\"https:\/\/estorilracinglab.lojas-online.pt\/\",\"name\":\"Estoril Racing Lab\",\"description\":\"Where passion meets performance\",\"publisher\":{\"@id\":\"https:\/\/estorilracinglab.lojas-online.pt\/#organization\"},\"potentialAction\":[{\"@type\":\"SearchAction\",\"target\":{\"@type\":\"EntryPoint\",\"urlTemplate\":\"https:\/\/estorilracinglab.lojas-online.pt\/?s={search_term_string}\"},\"query-input\":{\"@type\":\"PropertyValueSpecification\",\"valueRequired\":true,\"valueName\":\"search_term_string\"}}],\"inLanguage\":\"en-GB\"},{\"@type\":\"Organization\",\"@id\":\"https:\/\/estorilracinglab.lojas-online.pt\/#organization\",\"name\":\"Estoril Racing Lab\",\"url\":\"https:\/\/estorilracinglab.lojas-online.pt\/\",\"logo\":{\"@type\":\"ImageObject\",\"inLanguage\":\"en-GB\",\"@id\":\"https:\/\/estorilracinglab.lojas-online.pt\/#\/schema\/logo\/image\/\",\"url\":\"https:\/\/www.estorilracinglab.com\/wp-content\/uploads\/2024\/10\/Final-logo-ERL_final-omega-white.png\",\"contentUrl\":\"https:\/\/www.estorilracinglab.com\/wp-content\/uploads\/2024\/10\/Final-logo-ERL_final-omega-white.png\",\"width\":2450,\"height\":1150,\"caption\":\"Estoril Racing Lab\"},\"image\":{\"@id\":\"https:\/\/estorilracinglab.lojas-online.pt\/#\/schema\/logo\/image\/\"},\"sameAs\":[\"https:\/\/www.facebook.com\/EstorilRacingLab\",\"https:\/\/www.instagram.com\/estoril_racinglab\/\"]}]}<\/script>\n<!-- \/ Yoast SEO plugin. -->","yoast_head_json":{"title":"Cart\u00f5es Oferta | Ofere\u00e7a Experi\u00eancias de Sim Racing e Motorsport","description":"Surpreenda com um gift card da Estoril Racing Lab! Ofere\u00e7a experi\u00eancias \u00fanicas de sim racing, coaching profissional e dias de pista exclusivos. O presente perfeito para entusiastas de motorsport, perto do Aut\u00f3dromo do Estoril.","robots":{"index":"index","follow":"follow","max-snippet":"max-snippet:-1","max-image-preview":"max-image-preview:large","max-video-preview":"max-video-preview:-1"},"canonical":"https:\/\/estorilracinglab.lojas-online.pt\/giftcards\/","og_locale":"en_GB","og_type":"article","og_title":"Cart\u00f5es Oferta | Ofere\u00e7a Experi\u00eancias de Sim Racing e Motorsport","og_description":"Surpreenda com um gift card da Estoril Racing Lab! Ofere\u00e7a experi\u00eancias \u00fanicas de sim racing, coaching profissional e dias de pista exclusivos. O presente perfeito para entusiastas de motorsport, perto do Aut\u00f3dromo do Estoril.","og_url":"https:\/\/estorilracinglab.lojas-online.pt\/giftcards\/","og_site_name":"Estoril RacingLab","article_publisher":"https:\/\/www.facebook.com\/EstorilRacingLab","article_modified_time":"2024-11-21T11:37:29+00:00","twitter_card":"summary_large_image","twitter_misc":{"Estimated reading time":"1 minute"},"schema":{"@context":"https:\/\/schema.org","@graph":[{"@type":"WebPage","@id":"https:\/\/estorilracinglab.lojas-online.pt\/giftcards\/","url":"https:\/\/estorilracinglab.lojas-online.pt\/giftcards\/","name":"Cart\u00f5es Oferta | Ofere\u00e7a Experi\u00eancias de Sim Racing e Motorsport","isPartOf":{"@id":"https:\/\/estorilracinglab.lojas-online.pt\/#website"},"datePublished":"2024-10-30T11:14:34+00:00","dateModified":"2024-11-21T11:37:29+00:00","description":"Surpreenda com um gift card da Estoril Racing Lab! Ofere\u00e7a experi\u00eancias \u00fanicas de sim racing, coaching profissional e dias de pista exclusivos. O presente perfeito para entusiastas de motorsport, perto do Aut\u00f3dromo do Estoril.","breadcrumb":{"@id":"https:\/\/estorilracinglab.lojas-online.pt\/giftcards\/#breadcrumb"},"inLanguage":"en-GB","potentialAction":[{"@type":"ReadAction","target":["https:\/\/estorilracinglab.lojas-online.pt\/giftcards\/"]}]},{"@type":"BreadcrumbList","@id":"https:\/\/estorilracinglab.lojas-online.pt\/giftcards\/#breadcrumb","itemListElement":[{"@type":"ListItem","position":1,"name":"Home","item":"https:\/\/estorilracinglab.lojas-online.pt\/"},{"@type":"ListItem","position":2,"name":"Gift Cards"}]},{"@type":"WebSite","@id":"https:\/\/estorilracinglab.lojas-online.pt\/#website","url":"https:\/\/estorilracinglab.lojas-online.pt\/","name":"Estoril Racing Lab","description":"Where passion meets performance","publisher":{"@id":"https:\/\/estorilracinglab.lojas-online.pt\/#organization"},"potentialAction":[{"@type":"SearchAction","target":{"@type":"EntryPoint","urlTemplate":"https:\/\/estorilracinglab.lojas-online.pt\/?s={search_term_string}"},"query-input":{"@type":"PropertyValueSpecification","valueRequired":true,"valueName":"search_term_string"}}],"inLanguage":"en-GB"},{"@type":"Organization","@id":"https:\/\/estorilracinglab.lojas-online.pt\/#organization","name":"Estoril Racing Lab","url":"https:\/\/estorilracinglab.lojas-online.pt\/","logo":{"@type":"ImageObject","inLanguage":"en-GB","@id":"https:\/\/estorilracinglab.lojas-online.pt\/#\/schema\/logo\/image\/","url":"https:\/\/www.estorilracinglab.com\/wp-content\/uploads\/2024\/10\/Final-logo-ERL_final-omega-white.png","contentUrl":"https:\/\/www.estorilracinglab.com\/wp-content\/uploads\/2024\/10\/Final-logo-ERL_final-omega-white.png","width":2450,"height":1150,"caption":"Estoril Racing Lab"},"image":{"@id":"https:\/\/estorilracinglab.lojas-online.pt\/#\/schema\/logo\/image\/"},"sameAs":["https:\/\/www.facebook.com\/EstorilRacingLab","https:\/\/www.instagram.com\/estoril_racinglab\/"]}]}},"_links":{"self":[{"href":"https:\/\/www.estorilracinglab.com\/en\/wp-json\/wp\/v2\/pages\/3762","targetHints":{"allow":["GET"]}}],"collection":[{"href":"https:\/\/www.estorilracinglab.com\/en\/wp-json\/wp\/v2\/pages"}],"about":[{"href":"https:\/\/www.estorilracinglab.com\/en\/wp-json\/wp\/v2\/types\/page"}],"author":[{"embeddable":true,"href":"https:\/\/www.estorilracinglab.com\/en\/wp-json\/wp\/v2\/users\/1"}],"replies":[{"embeddable":true,"href":"https:\/\/www.estorilracinglab.com\/en\/wp-json\/wp\/v2\/comments?post=3762"}],"version-history":[{"count":25,"href":"https:\/\/www.estorilracinglab.com\/en\/wp-json\/wp\/v2\/pages\/3762\/revisions"}],"predecessor-version":[{"id":4036,"href":"https:\/\/www.estorilracinglab.com\/en\/wp-json\/wp\/v2\/pages\/3762\/revisions\/4036"}],"wp:attachment":[{"href":"https:\/\/www.estorilracinglab.com\/en\/wp-json\/wp\/v2\/media?parent=3762"}],"curies":[{"name":"wp","href":"https:\/\/api.w.org\/{rel}","templated":true}]}}