{"id":3887,"date":"2024-11-04T12:23:38","date_gmt":"2024-11-04T12:23:38","guid":{"rendered":"https:\/\/estorilracinglab.lojas-online.pt\/site\/?page_id=3887"},"modified":"2024-11-04T13:18:11","modified_gmt":"2024-11-04T13:18:11","slug":"resolucao-litigios","status":"publish","type":"page","link":"https:\/\/www.estorilracinglab.com\/en\/resolucao-litigios\/","title":{"rendered":"Resolu\u00e7\u00e3o Alternativa de Lit\u00edgios"},"content":{"rendered":"<div data-elementor-type=\"wp-page\" data-elementor-id=\"3887\" class=\"elementor elementor-3887\" data-elementor-post-type=\"page\">\n\t\t\t\t\t\t<section class=\"elementor-section elementor-top-section elementor-element elementor-element-17941a2 elementor-section-height-min-height elementor-section-full_width elementor-section-items-top elementor-section-height-default\" data-id=\"17941a2\" data-element_type=\"section\" data-e-type=\"section\" data-settings=\"{&quot;background_background&quot;:&quot;classic&quot;}\">\n\t\t\t\t\t\t\t<div class=\"elementor-background-overlay\"><\/div>\n\t\t\t\t\t\t\t<div class=\"elementor-container elementor-column-gap-default\">\n\t\t\t\t\t<div class=\"elementor-column elementor-col-100 elementor-top-column elementor-element elementor-element-6e5401d\" data-id=\"6e5401d\" data-element_type=\"column\" data-e-type=\"column\">\n\t\t\t<div class=\"elementor-widget-wrap elementor-element-populated\">\n\t\t\t\t\t\t<div class=\"elementor-element elementor-element-e46c635 elementor-invisible elementor-widget elementor-widget-heading\" data-id=\"e46c635\" data-element_type=\"widget\" data-e-type=\"widget\" data-settings=\"{&quot;_animation&quot;:&quot;fadeIn&quot;,&quot;_animation_delay&quot;:100}\" data-widget_type=\"heading.default\">\n\t\t\t\t<div class=\"elementor-widget-container\">\n\t\t\t\t\t<h2 class=\"elementor-heading-title elementor-size-default\">ALTERNATIVE DISPUTE RESOLUTION FOR CONSUMER CONFLICTS<\/h2>\t\t\t\t<\/div>\n\t\t\t\t<\/div>\n\t\t\t\t<div class=\"elementor-element elementor-element-31e569a elementor-widget__width-initial elementor-invisible elementor-widget elementor-widget-heading\" data-id=\"31e569a\" data-element_type=\"widget\" data-e-type=\"widget\" data-settings=\"{&quot;_animation&quot;:&quot;fadeIn&quot;,&quot;_animation_delay&quot;:100}\" data-widget_type=\"heading.default\">\n\t\t\t\t<div class=\"elementor-widget-container\">\n\t\t\t\t\t<h2 class=\"elementor-heading-title elementor-size-default translation-block\">Em caso de lit\u00edgio de consumo conforme estabelecido na Lei n.\u00ba 144\/2015, de 8 de Setembro, o consumidor pode recorrer \u00e0 Plataforma Europeia de Resolu\u00e7\u00e3o de Lit\u00edgios online (dispon\u00edvel em http:\/\/ec.europa.eu\/consumers\/odr) ou \u00e0 seguinte entidade de resolu\u00e7\u00e3o alternativa de lit\u00edgios de consumo:<br><br>\r\n\u2022\tCentro de Arbitragem de Conflitos de Consumo de Lisboa (www.centroarbitragemlisboa.pt);\r\n\r\n\r\nPara mais informa\u00e7\u00f5es consulte o Portal do Consumidor em www.consumidor.gov.pt<\/h2>\t\t\t\t<\/div>\n\t\t\t\t<\/div>\n\t\t\t\t\t<\/div>\n\t\t<\/div>\n\t\t\t\t\t<\/div>\n\t\t<\/section>\n\t\t\t\t<\/div>","protected":false},"excerpt":{"rendered":"<p>RESOLU\u00c7\u00c3O ALTERNATIVA DE LIT\u00cdGIOS DE CONSUMO Em caso de lit\u00edgio de consumo conforme estabelecido na Lei n.\u00ba 144\/2015, de 8 de Setembro, o consumidor pode recorrer \u00e0 Plataforma Europeia de Resolu\u00e7\u00e3o de Lit\u00edgios online (dispon\u00edvel em http:\/\/ec.europa.eu\/consumers\/odr) ou \u00e0 seguinte entidade de resolu\u00e7\u00e3o alternativa de lit\u00edgios de consumo: \u2022 Centro de Arbitragem de Conflitos de [&hellip;]<\/p>","protected":false},"author":1,"featured_media":0,"parent":0,"menu_order":0,"comment_status":"closed","ping_status":"closed","template":"elementor_header_footer","meta":{"footnotes":""},"class_list":["post-3887","page","type-page","status-publish","hentry"],"yoast_head":"<!-- This site is optimized with the Yoast SEO plugin v26.3 - https:\/\/yoast.com\/wordpress\/plugins\/seo\/ -->\n<title>Resolu\u00e7\u00e3o Alternativa de Lit\u00edgios - Estoril RacingLab<\/title>\n<meta name=\"robots\" content=\"index, follow, max-snippet:-1, max-image-preview:large, max-video-preview:-1\" \/>\n<link rel=\"canonical\" href=\"https:\/\/estorilracinglab.lojas-online.pt\/resolucao-litigios\/\" \/>\n<meta property=\"og:locale\" content=\"en_GB\" \/>\n<meta property=\"og:type\" content=\"article\" \/>\n<meta property=\"og:title\" content=\"Resolu\u00e7\u00e3o Alternativa de Lit\u00edgios - Estoril RacingLab\" \/>\n<meta property=\"og:description\" content=\"RESOLU\u00c7\u00c3O ALTERNATIVA DE LIT\u00cdGIOS DE CONSUMO Em caso de lit\u00edgio de consumo conforme estabelecido na Lei n.\u00ba 144\/2015, de 8 de Setembro, o consumidor pode recorrer \u00e0 Plataforma Europeia de Resolu\u00e7\u00e3o de Lit\u00edgios online (dispon\u00edvel em http:\/\/ec.europa.eu\/consumers\/odr) ou \u00e0 seguinte entidade de resolu\u00e7\u00e3o alternativa de lit\u00edgios de consumo: \u2022 Centro de Arbitragem de Conflitos de [&hellip;]\" \/>\n<meta property=\"og:url\" content=\"https:\/\/estorilracinglab.lojas-online.pt\/resolucao-litigios\/\" \/>\n<meta property=\"og:site_name\" content=\"Estoril RacingLab\" \/>\n<meta property=\"article:publisher\" content=\"https:\/\/www.facebook.com\/EstorilRacingLab\" \/>\n<meta property=\"article:modified_time\" content=\"2024-11-04T13:18:11+00:00\" \/>\n<meta name=\"twitter:card\" content=\"summary_large_image\" \/>\n<script type=\"application\/ld+json\" class=\"yoast-schema-graph\">{\"@context\":\"https:\/\/schema.org\",\"@graph\":[{\"@type\":\"WebPage\",\"@id\":\"https:\/\/estorilracinglab.lojas-online.pt\/resolucao-litigios\/\",\"url\":\"https:\/\/estorilracinglab.lojas-online.pt\/resolucao-litigios\/\",\"name\":\"Resolu\u00e7\u00e3o Alternativa de Lit\u00edgios - Estoril RacingLab\",\"isPartOf\":{\"@id\":\"https:\/\/estorilracinglab.lojas-online.pt\/#website\"},\"datePublished\":\"2024-11-04T12:23:38+00:00\",\"dateModified\":\"2024-11-04T13:18:11+00:00\",\"breadcrumb\":{\"@id\":\"https:\/\/estorilracinglab.lojas-online.pt\/resolucao-litigios\/#breadcrumb\"},\"inLanguage\":\"en-GB\",\"potentialAction\":[{\"@type\":\"ReadAction\",\"target\":[\"https:\/\/estorilracinglab.lojas-online.pt\/resolucao-litigios\/\"]}]},{\"@type\":\"BreadcrumbList\",\"@id\":\"https:\/\/estorilracinglab.lojas-online.pt\/resolucao-litigios\/#breadcrumb\",\"itemListElement\":[{\"@type\":\"ListItem\",\"position\":1,\"name\":\"Home\",\"item\":\"https:\/\/estorilracinglab.lojas-online.pt\/\"},{\"@type\":\"ListItem\",\"position\":2,\"name\":\"Resolu\u00e7\u00e3o Alternativa de Lit\u00edgios\"}]},{\"@type\":\"WebSite\",\"@id\":\"https:\/\/estorilracinglab.lojas-online.pt\/#website\",\"url\":\"https:\/\/estorilracinglab.lojas-online.pt\/\",\"name\":\"Estoril Racing Lab\",\"description\":\"Where passion meets performance\",\"publisher\":{\"@id\":\"https:\/\/estorilracinglab.lojas-online.pt\/#organization\"},\"potentialAction\":[{\"@type\":\"SearchAction\",\"target\":{\"@type\":\"EntryPoint\",\"urlTemplate\":\"https:\/\/estorilracinglab.lojas-online.pt\/?s={search_term_string}\"},\"query-input\":{\"@type\":\"PropertyValueSpecification\",\"valueRequired\":true,\"valueName\":\"search_term_string\"}}],\"inLanguage\":\"en-GB\"},{\"@type\":\"Organization\",\"@id\":\"https:\/\/estorilracinglab.lojas-online.pt\/#organization\",\"name\":\"Estoril Racing Lab\",\"url\":\"https:\/\/estorilracinglab.lojas-online.pt\/\",\"logo\":{\"@type\":\"ImageObject\",\"inLanguage\":\"en-GB\",\"@id\":\"https:\/\/estorilracinglab.lojas-online.pt\/#\/schema\/logo\/image\/\",\"url\":\"https:\/\/www.estorilracinglab.com\/wp-content\/uploads\/2024\/10\/Final-logo-ERL_final-omega-white.png\",\"contentUrl\":\"https:\/\/www.estorilracinglab.com\/wp-content\/uploads\/2024\/10\/Final-logo-ERL_final-omega-white.png\",\"width\":2450,\"height\":1150,\"caption\":\"Estoril Racing Lab\"},\"image\":{\"@id\":\"https:\/\/estorilracinglab.lojas-online.pt\/#\/schema\/logo\/image\/\"},\"sameAs\":[\"https:\/\/www.facebook.com\/EstorilRacingLab\",\"https:\/\/www.instagram.com\/estoril_racinglab\/\"]}]}<\/script>\n<!-- \/ Yoast SEO plugin. -->","yoast_head_json":{"title":"Resolu\u00e7\u00e3o Alternativa de Lit\u00edgios - Estoril RacingLab","robots":{"index":"index","follow":"follow","max-snippet":"max-snippet:-1","max-image-preview":"max-image-preview:large","max-video-preview":"max-video-preview:-1"},"canonical":"https:\/\/estorilracinglab.lojas-online.pt\/resolucao-litigios\/","og_locale":"en_GB","og_type":"article","og_title":"Resolu\u00e7\u00e3o Alternativa de Lit\u00edgios - Estoril RacingLab","og_description":"RESOLU\u00c7\u00c3O ALTERNATIVA DE LIT\u00cdGIOS DE CONSUMO Em caso de lit\u00edgio de consumo conforme estabelecido na Lei n.\u00ba 144\/2015, de 8 de Setembro, o consumidor pode recorrer \u00e0 Plataforma Europeia de Resolu\u00e7\u00e3o de Lit\u00edgios online (dispon\u00edvel em http:\/\/ec.europa.eu\/consumers\/odr) ou \u00e0 seguinte entidade de resolu\u00e7\u00e3o alternativa de lit\u00edgios de consumo: \u2022 Centro de Arbitragem de Conflitos de [&hellip;]","og_url":"https:\/\/estorilracinglab.lojas-online.pt\/resolucao-litigios\/","og_site_name":"Estoril RacingLab","article_publisher":"https:\/\/www.facebook.com\/EstorilRacingLab","article_modified_time":"2024-11-04T13:18:11+00:00","twitter_card":"summary_large_image","schema":{"@context":"https:\/\/schema.org","@graph":[{"@type":"WebPage","@id":"https:\/\/estorilracinglab.lojas-online.pt\/resolucao-litigios\/","url":"https:\/\/estorilracinglab.lojas-online.pt\/resolucao-litigios\/","name":"Resolu\u00e7\u00e3o Alternativa de Lit\u00edgios - Estoril RacingLab","isPartOf":{"@id":"https:\/\/estorilracinglab.lojas-online.pt\/#website"},"datePublished":"2024-11-04T12:23:38+00:00","dateModified":"2024-11-04T13:18:11+00:00","breadcrumb":{"@id":"https:\/\/estorilracinglab.lojas-online.pt\/resolucao-litigios\/#breadcrumb"},"inLanguage":"en-GB","potentialAction":[{"@type":"ReadAction","target":["https:\/\/estorilracinglab.lojas-online.pt\/resolucao-litigios\/"]}]},{"@type":"BreadcrumbList","@id":"https:\/\/estorilracinglab.lojas-online.pt\/resolucao-litigios\/#breadcrumb","itemListElement":[{"@type":"ListItem","position":1,"name":"Home","item":"https:\/\/estorilracinglab.lojas-online.pt\/"},{"@type":"ListItem","position":2,"name":"Resolu\u00e7\u00e3o Alternativa de Lit\u00edgios"}]},{"@type":"WebSite","@id":"https:\/\/estorilracinglab.lojas-online.pt\/#website","url":"https:\/\/estorilracinglab.lojas-online.pt\/","name":"Estoril Racing Lab","description":"Where passion meets performance","publisher":{"@id":"https:\/\/estorilracinglab.lojas-online.pt\/#organization"},"potentialAction":[{"@type":"SearchAction","target":{"@type":"EntryPoint","urlTemplate":"https:\/\/estorilracinglab.lojas-online.pt\/?s={search_term_string}"},"query-input":{"@type":"PropertyValueSpecification","valueRequired":true,"valueName":"search_term_string"}}],"inLanguage":"en-GB"},{"@type":"Organization","@id":"https:\/\/estorilracinglab.lojas-online.pt\/#organization","name":"Estoril Racing Lab","url":"https:\/\/estorilracinglab.lojas-online.pt\/","logo":{"@type":"ImageObject","inLanguage":"en-GB","@id":"https:\/\/estorilracinglab.lojas-online.pt\/#\/schema\/logo\/image\/","url":"https:\/\/www.estorilracinglab.com\/wp-content\/uploads\/2024\/10\/Final-logo-ERL_final-omega-white.png","contentUrl":"https:\/\/www.estorilracinglab.com\/wp-content\/uploads\/2024\/10\/Final-logo-ERL_final-omega-white.png","width":2450,"height":1150,"caption":"Estoril Racing Lab"},"image":{"@id":"https:\/\/estorilracinglab.lojas-online.pt\/#\/schema\/logo\/image\/"},"sameAs":["https:\/\/www.facebook.com\/EstorilRacingLab","https:\/\/www.instagram.com\/estoril_racinglab\/"]}]}},"_links":{"self":[{"href":"https:\/\/www.estorilracinglab.com\/en\/wp-json\/wp\/v2\/pages\/3887","targetHints":{"allow":["GET"]}}],"collection":[{"href":"https:\/\/www.estorilracinglab.com\/en\/wp-json\/wp\/v2\/pages"}],"about":[{"href":"https:\/\/www.estorilracinglab.com\/en\/wp-json\/wp\/v2\/types\/page"}],"author":[{"embeddable":true,"href":"https:\/\/www.estorilracinglab.com\/en\/wp-json\/wp\/v2\/users\/1"}],"replies":[{"embeddable":true,"href":"https:\/\/www.estorilracinglab.com\/en\/wp-json\/wp\/v2\/comments?post=3887"}],"version-history":[{"count":13,"href":"https:\/\/www.estorilracinglab.com\/en\/wp-json\/wp\/v2\/pages\/3887\/revisions"}],"predecessor-version":[{"id":3920,"href":"https:\/\/www.estorilracinglab.com\/en\/wp-json\/wp\/v2\/pages\/3887\/revisions\/3920"}],"wp:attachment":[{"href":"https:\/\/www.estorilracinglab.com\/en\/wp-json\/wp\/v2\/media?parent=3887"}],"curies":[{"name":"wp","href":"https:\/\/api.w.org\/{rel}","templated":true}]}}